{"id":18023,"date":"2025-11-07T19:58:53","date_gmt":"2025-11-07T19:58:53","guid":{"rendered":"https:\/\/optimaestate.com\/?page_id=18023"},"modified":"2026-02-24T10:15:16","modified_gmt":"2026-02-24T10:15:16","slug":"immobilienverkauf-lanzarote","status":"publish","type":"page","link":"https:\/\/optimaestate.com\/de\/immobilienverkauf-lanzarote\/","title":{"rendered":"Immobilienverkauf auf Lanzarote"},"content":{"rendered":"<div data-elementor-type=\"wp-page\" data-elementor-id=\"18023\" class=\"elementor elementor-18023\">\n\t\t\t\t<div class=\"elementor-element elementor-element-68aacf3 e-flex e-con-boxed e-con e-parent\" data-id=\"68aacf3\" data-element_type=\"container\" data-e-type=\"container\">\n\t\t\t\t\t<div class=\"e-con-inner\">\n\t\t\t\t<div class=\"elementor-element elementor-element-d6e0686 elementor-widget elementor-widget-spacer\" data-id=\"d6e0686\" data-element_type=\"widget\" data-e-type=\"widget\" data-widget_type=\"spacer.default\">\n\t\t\t\t\t\t\t<div class=\"elementor-spacer\">\n\t\t\t<div class=\"elementor-spacer-inner\"><\/div>\n\t\t<\/div>\n\t\t\t\t\t\t<\/div>\n\t\t\t\t<div class=\"elementor-element elementor-element-aa3e4f5 elementor-widget elementor-widget-heading\" data-id=\"aa3e4f5\" data-element_type=\"widget\" data-e-type=\"widget\" data-widget_type=\"heading.default\">\n\t\t\t\t\t<h1 class=\"elementor-heading-title elementor-size-default\">Denken Sie dar\u00fcber nach, Ihre Immobilie zu verkaufen?<\/h1>\t\t\t\t<\/div>\n\t\t\t\t<div class=\"elementor-element elementor-element-5568f4c elementor-widget-divider--view-line elementor-widget elementor-widget-divider\" data-id=\"5568f4c\" data-element_type=\"widget\" data-e-type=\"widget\" data-widget_type=\"divider.default\">\n\t\t\t\t\t\t\t<div class=\"elementor-divider\">\n\t\t\t<span class=\"elementor-divider-separator\">\n\t\t\t\t\t\t<\/span>\n\t\t<\/div>\n\t\t\t\t\t\t<\/div>\n\t\t\t\t<div class=\"elementor-element elementor-element-3931ac5 elementor-hidden-mobile elementor-widget elementor-widget-spacer\" data-id=\"3931ac5\" data-element_type=\"widget\" data-e-type=\"widget\" data-widget_type=\"spacer.default\">\n\t\t\t\t\t\t\t<div class=\"elementor-spacer\">\n\t\t\t<div class=\"elementor-spacer-inner\"><\/div>\n\t\t<\/div>\n\t\t\t\t\t\t<\/div>\n\t\t\t\t<div class=\"elementor-element elementor-element-8805470 elementor-hidden-mobile elementor-widget elementor-widget-houzez_site_logo\" data-id=\"8805470\" data-element_type=\"widget\" data-e-type=\"widget\" data-widget_type=\"houzez_site_logo.default\">\n\t\t\t\t<div class=\"elementor-widget-container\">\n\t\t\t\t\t\t\t<div class=\"favethemes-site-logo\">\n\t\t\t\t\t\t\t<a href=\"https:\/\/optimaestate.com\">\n\t\t\t\t\t\t<img decoding=\"async\" class=\"image-logo elementor-animation-\"  src=\"https:\/\/i0.wp.com\/optimaestate.com\/wp-content\/uploads\/2025\/12\/ChatGPT-Image-11.-Dez.-2025-09_57_37-1.png?fit=1024%2C1024&#038;ssl=1\" alt=\"Optima Estate Logo\"\/>\t\t\t\t\t\t\t<\/a>\n\t\t\t\t\t<\/div>\n\t\t\t\t\t\t<\/div>\n\t\t\t\t<\/div>\n\t\t\t\t<div class=\"elementor-element elementor-element-1b1777b elementor-widget elementor-widget-heading\" data-id=\"1b1777b\" data-element_type=\"widget\" data-e-type=\"widget\" data-widget_type=\"heading.default\">\n\t\t\t\t\t<h2 class=\"elementor-heading-title elementor-size-default\">Optima Estate vermarktet Ihre Immobilie sowohl lokal als auch international.<\/h2>\t\t\t\t<\/div>\n\t\t\t\t<div class=\"elementor-element elementor-element-134cdd4 elementor-widget-divider--view-line elementor-widget elementor-widget-divider\" data-id=\"134cdd4\" data-element_type=\"widget\" data-e-type=\"widget\" data-widget_type=\"divider.default\">\n\t\t\t\t\t\t\t<div class=\"elementor-divider\">\n\t\t\t<span class=\"elementor-divider-separator\">\n\t\t\t\t\t\t<\/span>\n\t\t<\/div>\n\t\t\t\t\t\t<\/div>\n\t\t\t\t<div class=\"elementor-element elementor-element-ed8edcb elementor-widget elementor-widget-text-editor\" data-id=\"ed8edcb\" data-element_type=\"widget\" data-e-type=\"widget\" data-widget_type=\"text-editor.default\">\n\t\t\t\t\t\t\t\t\t<p data-start=\"199\" data-end=\"247\"><strong data-start=\"199\" data-end=\"247\">Erfolgreich verkaufen mit Optima Estate \u2013 Ihre Vorteile im \u00dcberblick<\/strong><\/p><p data-start=\"249\" data-end=\"471\">For more than 20 years, Optima Estate have been successfully marketing properties across Lanzarote \u2014<br data-start=\"349\" data-end=\"352\" \/>with strong international reach, modern marketing tools and professional support throughout the entire<br data-start=\"454\" data-end=\"457\" \/>sales process.<\/p><p data-start=\"473\" data-end=\"579\">Wenn Sie Ihre Immobilie effizient, sicher und zum bestm\u00f6glichen Preis verkaufen m\u00f6chten, sind Sie bei uns in den richtigen H\u00e4nden.<\/p><p data-start=\"581\" data-end=\"1066\">\u2022 \u00dcber 20 Jahre Erfahrung auf dem Immobilienmarkt von Lanzarote<br data-start=\"646\" data-end=\"649\" \/>\u2022 International exposure across leading portals, such as Idealista, Rightmove, Kyero, ThinkSpain and<br data-start=\"749\" data-end=\"752\" \/>more<br data-start=\"756\" data-end=\"759\" \/>\u2022 Complete international marketing package included \u2014 no effort on your side<br data-start=\"835\" data-end=\"838\" \/>\u2022 Professionelle Fotografie, 360\u00b0-Videotouren &amp; Strategien zur optimalen Pr\u00e4sentation Ihrer Immobilie<br data-start=\"916\" data-end=\"919\" \/>\u2022 We handle viewings, buyer communication and all negotiation<br data-start=\"980\" data-end=\"983\" \/>\u2022 Umfassende Betreuung von der Wertermittlung bis zur \u00dcbergabe<br data-start=\"1024\" data-end=\"1027\" \/>\u2022 Profesional, multilingual sales team.<\/p><p data-start=\"1068\" data-end=\"1207\">Our goal: sell your property with maximum visibility and the highest possible sale price \u2014 professionally,<br data-start=\"1174\" data-end=\"1177\" \/>transparently and efficiently.<\/p><hr data-start=\"1209\" data-end=\"1212\" \/><p data-start=\"1214\" data-end=\"1237\"><strong data-start=\"1214\" data-end=\"1237\">What we do for you:<\/strong><\/p><p data-start=\"1239\" data-end=\"1371\"><strong data-start=\"1239\" data-end=\"1283\">1. Property valuation and sales strategy<\/strong><br data-start=\"1283\" data-end=\"1286\" \/>Wir bewerten Ihre Immobilie auf Basis aktueller Marktdaten und entwickeln einen gezielten Marketingplan.<\/p><p data-start=\"1373\" data-end=\"1543\"><strong data-start=\"1373\" data-end=\"1417\">2. Professional marketing &amp; presentation<\/strong><br data-start=\"1417\" data-end=\"1420\" \/>Photos, 360\u00b0 videos, full image editing, property optimization, international listings \u2014 we make<br data-start=\"1516\" data-end=\"1519\" \/>your property stand out.<\/p><p data-start=\"1545\" data-end=\"1682\"><strong data-start=\"1545\" data-end=\"1579\">3. Viewings &amp; buyer management<\/strong><br data-start=\"1579\" data-end=\"1582\" \/>Wir koordinieren Besichtigungen, filtern Anfragen, verhandeln Angebote und begleiten ernsthafte K\u00e4ufer bis zum erfolgreichen Abschluss.<\/p><p data-start=\"1684\" data-end=\"1865\"><strong data-start=\"1684\" data-end=\"1716\">4. Legal &amp; financial support<\/strong><br data-start=\"1716\" data-end=\"1719\" \/>If needed, we connect you with multilingual lawyers, banks, tax advisors and money transfer<br data-start=\"1810\" data-end=\"1813\" \/>companies\u2014 for a secure and stress-free transaction.<\/p><hr data-start=\"1867\" data-end=\"1870\" \/><p data-start=\"1872\" data-end=\"1923\"><strong data-start=\"1872\" data-end=\"1923\">Einfacher verkaufen. Schneller verkaufen. International verkaufen.<\/strong><\/p><p data-start=\"1925\" data-end=\"2149\">Your property deserves strong presentation and global visibility. With our long-term expertise and<br data-start=\"2023\" data-end=\"2026\" \/>international client network, we make sure your property reaches the right buyer \u2014 no matter where they<br data-start=\"2129\" data-end=\"2132\" \/>are in the world.<\/p><p data-start=\"2151\" data-end=\"2268\"><strong data-start=\"2151\" data-end=\"2169\">Bereit zu verkaufen?<\/strong><br data-start=\"2169\" data-end=\"2172\" \/>Kontaktieren Sie uns noch heute f\u00fcr eine pers\u00f6nliche Beratung und \u00fcberlassen Sie uns den gesamten Verkaufsprozess.<\/p>\t\t\t\t\t\t\t\t<\/div>\n\t\t\t\t<div class=\"elementor-element elementor-element-4a8d927 elementor-button-success elementor-align-center elementor-widget elementor-widget-button\" data-id=\"4a8d927\" data-element_type=\"widget\" data-e-type=\"widget\" data-widget_type=\"button.default\">\n\t\t\t\t\t\t\t\t\t\t<a class=\"elementor-button elementor-button-link elementor-size-sm\" href=\"https:\/\/optimaestate.com\/contact\/\">\n\t\t\t\t\t\t<span class=\"elementor-button-content-wrapper\">\n\t\t\t\t\t\t\t\t\t<span class=\"elementor-button-text\">Kontakt<\/span>\n\t\t\t\t\t<\/span>\n\t\t\t\t\t<\/a>\n\t\t\t\t\t\t\t\t<\/div>\n\t\t\t\t<div class=\"elementor-element elementor-element-24c710e elementor-widget-divider--view-line elementor-widget elementor-widget-divider\" data-id=\"24c710e\" data-element_type=\"widget\" data-e-type=\"widget\" data-widget_type=\"divider.default\">\n\t\t\t\t\t\t\t<div class=\"elementor-divider\">\n\t\t\t<span class=\"elementor-divider-separator\">\n\t\t\t\t\t\t<\/span>\n\t\t<\/div>\n\t\t\t\t\t\t<\/div>\n\t\t\t\t\t<\/div>\n\t\t\t\t<\/div>\n\t\t<div class=\"elementor-element elementor-element-46638f4 e-flex e-con-boxed e-con e-parent\" data-id=\"46638f4\" data-element_type=\"container\" data-e-type=\"container\">\n\t\t\t\t\t<div class=\"e-con-inner\">\n\t\t\t\t\t<\/div>\n\t\t\t\t<\/div>\n\t\t<div class=\"elementor-element elementor-element-69b7634 e-flex e-con-boxed e-con e-parent\" data-id=\"69b7634\" data-element_type=\"container\" data-e-type=\"container\">\n\t\t\t\t\t<div class=\"e-con-inner\">\n\t\t\t\t\t<\/div>\n\t\t\t\t<\/div>\n\t\t\t\t<\/div>","protected":false},"excerpt":{"rendered":"<p>Thinking of Selling your Property? Optima Estate can market your Lanzarote property both locally and Internationally. Why to sell your property with Optima Estate For more than 20 years, Optima Estate have been successfully marketing properties across Lanzarote \u2014with strong international reach, modern marketing tools and professional support throughout the entiresales process. If you want [&hellip;]<\/p>\n","protected":false},"author":273330719,"featured_media":0,"parent":0,"menu_order":0,"comment_status":"closed","ping_status":"closed","template":"elementor_header_footer","meta":{"content-type":"","footnotes":""},"class_list":["post-18023","page","type-page","status-publish","hentry"],"jetpack_likes_enabled":true,"jetpack_sharing_enabled":true,"jetpack_shortlink":"https:\/\/wp.me\/PgU7Xu-4GH","_links":{"self":[{"href":"https:\/\/optimaestate.com\/de\/wp-json\/wp\/v2\/pages\/18023","targetHints":{"allow":["GET"]}}],"collection":[{"href":"https:\/\/optimaestate.com\/de\/wp-json\/wp\/v2\/pages"}],"about":[{"href":"https:\/\/optimaestate.com\/de\/wp-json\/wp\/v2\/types\/page"}],"author":[{"embeddable":true,"href":"https:\/\/optimaestate.com\/de\/wp-json\/wp\/v2\/users\/273330719"}],"replies":[{"embeddable":true,"href":"https:\/\/optimaestate.com\/de\/wp-json\/wp\/v2\/comments?post=18023"}],"version-history":[{"count":70,"href":"https:\/\/optimaestate.com\/de\/wp-json\/wp\/v2\/pages\/18023\/revisions"}],"predecessor-version":[{"id":47021,"href":"https:\/\/optimaestate.com\/de\/wp-json\/wp\/v2\/pages\/18023\/revisions\/47021"}],"wp:attachment":[{"href":"https:\/\/optimaestate.com\/de\/wp-json\/wp\/v2\/media?parent=18023"}],"curies":[{"name":"wp","href":"https:\/\/api.w.org\/{rel}","templated":true}]}}