{"id":45494,"date":"2025-12-11T09:04:33","date_gmt":"2025-12-11T09:04:33","guid":{"rendered":"https:\/\/optimaestate.com\/?page_id=45494"},"modified":"2026-02-06T19:15:06","modified_gmt":"2026-02-06T19:15:06","slug":"about-sonia","status":"publish","type":"page","link":"https:\/\/optimaestate.com\/de\/about-sonia\/","title":{"rendered":"\u00dcber Sonia"},"content":{"rendered":"<div data-elementor-type=\"wp-page\" data-elementor-id=\"45494\" class=\"elementor elementor-45494\">\n\t\t\t\t<div class=\"elementor-element elementor-element-04aec08 e-con-full e-flex e-con e-parent\" data-id=\"04aec08\" data-element_type=\"container\" data-e-type=\"container\">\n\t\t\t\t<div class=\"elementor-element elementor-element-bf05b1f elementor-widget-divider--view-line elementor-widget elementor-widget-divider\" data-id=\"bf05b1f\" data-element_type=\"widget\" data-e-type=\"widget\" data-widget_type=\"divider.default\">\n\t\t\t\t\t\t\t<div class=\"elementor-divider\">\n\t\t\t<span class=\"elementor-divider-separator\">\n\t\t\t\t\t\t<\/span>\n\t\t<\/div>\n\t\t\t\t\t\t<\/div>\n\t\t\t\t<div class=\"elementor-element elementor-element-32a034c elementor-position-left elementor-vertical-align-middle elementor-widget elementor-widget-image-box\" data-id=\"32a034c\" data-element_type=\"widget\" data-e-type=\"widget\" data-widget_type=\"image-box.default\">\n\t\t\t\t\t<div class=\"elementor-image-box-wrapper\"><figure class=\"elementor-image-box-img\"><img fetchpriority=\"high\" decoding=\"async\" data-attachment-id=\"45936\" data-permalink=\"https:\/\/optimaestate.com\/de\/about-sonia\/facetune_07-12-2025-21-58-06\/\" data-orig-file=\"https:\/\/i0.wp.com\/optimaestate.com\/wp-content\/uploads\/2025\/12\/Facetune_07-12-2025-21-58-06.webp?fit=4024%2C6048&amp;ssl=1\" data-orig-size=\"4024,6048\" data-comments-opened=\"1\" data-image-meta=\"{&quot;aperture&quot;:&quot;0&quot;,&quot;credit&quot;:&quot;&quot;,&quot;camera&quot;:&quot;&quot;,&quot;caption&quot;:&quot;&quot;,&quot;created_timestamp&quot;:&quot;0&quot;,&quot;copyright&quot;:&quot;&quot;,&quot;focal_length&quot;:&quot;0&quot;,&quot;iso&quot;:&quot;0&quot;,&quot;shutter_speed&quot;:&quot;0&quot;,&quot;title&quot;:&quot;&quot;,&quot;orientation&quot;:&quot;0&quot;}\" data-image-title=\"Facetune_07-12-2025-21-58-06\" data-image-description=\"\" data-image-caption=\"\" data-large-file=\"https:\/\/i0.wp.com\/optimaestate.com\/wp-content\/uploads\/2025\/12\/Facetune_07-12-2025-21-58-06.webp?fit=681%2C1024&amp;ssl=1\" width=\"4024\" height=\"6048\" src=\"https:\/\/i0.wp.com\/optimaestate.com\/wp-content\/uploads\/2025\/12\/Facetune_07-12-2025-21-58-06.webp?fit=4024%2C6048&amp;ssl=1\" class=\"attachment-full size-full wp-image-45936\" alt=\"\" srcset=\"https:\/\/i0.wp.com\/optimaestate.com\/wp-content\/uploads\/2025\/12\/Facetune_07-12-2025-21-58-06.webp?w=4024&amp;ssl=1 4024w, https:\/\/i0.wp.com\/optimaestate.com\/wp-content\/uploads\/2025\/12\/Facetune_07-12-2025-21-58-06.webp?resize=1022%2C1536&amp;ssl=1 1022w, https:\/\/i0.wp.com\/optimaestate.com\/wp-content\/uploads\/2025\/12\/Facetune_07-12-2025-21-58-06.webp?resize=1363%2C2048&amp;ssl=1 1363w, https:\/\/i0.wp.com\/optimaestate.com\/wp-content\/uploads\/2025\/12\/Facetune_07-12-2025-21-58-06.webp?resize=8%2C12&amp;ssl=1 8w, https:\/\/i0.wp.com\/optimaestate.com\/wp-content\/uploads\/2025\/12\/Facetune_07-12-2025-21-58-06.webp?w=2340&amp;ssl=1 2340w, https:\/\/i0.wp.com\/optimaestate.com\/wp-content\/uploads\/2025\/12\/Facetune_07-12-2025-21-58-06.webp?w=3510&amp;ssl=1 3510w\" sizes=\"(max-width: 1170px) 100vw, 1170px\" \/><\/figure><div class=\"elementor-image-box-content\"><h3 class=\"elementor-image-box-title\">Sonia Vargas<\/h3><p class=\"elementor-image-box-description\"><p>\nGeboren in Kolumbien und urspr\u00fcnglich juristisch ausgebildet, nahm Sonias Lebensweg eine unerwartete, zugleich pr\u00e4gende Wendung, als sie mit einem kurzfristigen Modelvertrag nach Europa kam. Aus dieser Gelegenheit entwickelte sich schnell eine langj\u00e4hrige T\u00e4tigkeit bei einem renommierten Modeunternehmen mit Sitz in London, das international f\u00fchrende Designer vertrat.\n<\/p>\n\n<p>\nIn den folgenden zw\u00f6lf Jahren spezialisierte sich Sonia auf den Vertrieb und pr\u00e4sentierte Kollektionen auf den bedeutendsten Fashion Weeks in Paris, Mailand, New York und London. Ihr Erfolg beruhte dabei auf weit mehr als nur exzellenten Produktkenntnissen \u2013 sie verf\u00fcgte \u00fcber eine besondere F\u00e4higkeit, aufmerksam zuzuh\u00f6ren, die Bed\u00fcrfnisse ihrer Kunden wirklich zu verstehen und herauszufinden, was am besten zu ihnen passte. Genau diese St\u00e4rke wurde sp\u00e4ter zum Fundament ihrer T\u00e4tigkeit in der Immobilienbranche.\n<\/p>\n\n<p>\nSonia besuchte Lanzarote erstmals im Jahr 1986 und kehrte immer wieder auf die Insel zur\u00fcck \u2013 angezogen von der Klarheit ihrer Farben: Schwarz, Blau und Wei\u00df in all ihren Nuancen, von der eindrucksvollen Sch\u00f6nheit der vulkanischen Landschaft und von dem ruhigen, hochwertigen Lebensstil, den die Insel bietet.\n<\/p>\n\n<p>\nNach vielen Jahren, in denen sie zwischen London, Bali und Australien lebte, lie\u00df sie sich im Jahr 2001 dauerhaft auf der Insel nieder. Da es auf Lanzarote keine Modeindustrie gab, erinnerte sie sich an die Worte ihres japanischen Vorgesetzten aus ihrer Zeit in London:\n<\/p>\n\n<blockquote>\n\u201eWenn du die Modewelt jemals verl\u00e4sst, solltest du in die Immobilienbranche gehen.\u201c\n<\/blockquote>\n\n<p>\nSie begann mit dem Bautr\u00e4ger und Architekten zusammenzuarbeiten, der f\u00fcr die Urbanisationen rund um die Marina Rubic\u00f3n sowie oberhalb des Hotels Meli\u00e1 Volc\u00e1n verantwortlich war, und spielte eine entscheidende Rolle f\u00fcr deren Erfolg. In der Entstehungsphase dieser heute ikonischen Wohngebiete verkaufte sie einen Gro\u00dfteil der Einheiten eigenst\u00e4ndig direkt aus einem Baustellencontainer heraus.\n<\/p>\n\n<p>\nIm Jahr 2003 gr\u00fcndete Sonia Optima Estate \u2013 mit dem klaren Anspruch, ihre eigenen Werte in eine Branche einzubringen, die h\u00e4ufig f\u00fcr mangelnde Ethik kritisiert wird. Ihre Leitprinzipien sind klar definiert:\n<\/p>\n\n<ul>\n  <li>Professionalit\u00e4t<\/li>\n  <li>Integrit\u00e4t<\/li>\n  <li>\u2026und niemals damit aufzuh\u00f6ren, ihr Bestes f\u00fcr all jene zu geben, die ihr ihr Vertrauen schenken.<\/li>\n<\/ul>\n<\/p><\/div><\/div>\t\t\t\t<\/div>\n\t\t\t\t<div class=\"elementor-element elementor-element-3022b6c elementor-widget-divider--view-line elementor-widget elementor-widget-divider\" data-id=\"3022b6c\" data-element_type=\"widget\" data-e-type=\"widget\" data-widget_type=\"divider.default\">\n\t\t\t\t\t\t\t<div class=\"elementor-divider\">\n\t\t\t<span class=\"elementor-divider-separator\">\n\t\t\t\t\t\t<\/span>\n\t\t<\/div>\n\t\t\t\t\t\t<\/div>\n\t\t\t\t<div class=\"elementor-element elementor-element-915d70e elementor-widget elementor-widget-houzez_site_logo\" data-id=\"915d70e\" data-element_type=\"widget\" data-e-type=\"widget\" data-widget_type=\"houzez_site_logo.default\">\n\t\t\t\t<div class=\"elementor-widget-container\">\n\t\t\t\t\t\t\t<div class=\"favethemes-site-logo\">\n\t\t\t\t\t\t\t<a href=\"https:\/\/optimaestate.com\">\n\t\t\t\t\t\t<img decoding=\"async\" class=\"image-logo elementor-animation-\"  src=\"https:\/\/i0.wp.com\/optimaestate.com\/wp-content\/uploads\/2025\/12\/ChatGPT-Image-11.-Dez.-2025-09_57_37.webp?fit=1024%2C1024&#038;ssl=1\" alt=\"ChatGPT Image 11. Dez. 2025, 09_57_37\"\/>\t\t\t\t\t\t\t<\/a>\n\t\t\t\t\t<\/div>\n\t\t\t\t\t\t<\/div>\n\t\t\t\t<\/div>\n\t\t\t\t<\/div>\n\t\t<div class=\"elementor-element elementor-element-2fc08ed e-flex e-con-boxed e-con e-parent\" data-id=\"2fc08ed\" data-element_type=\"container\" data-e-type=\"container\">\n\t\t\t\t\t<div class=\"e-con-inner\">\n\t\t\t\t<div class=\"elementor-element elementor-element-6e0b80d elementor-widget elementor-widget-houzez_elementor_agent_card\" data-id=\"6e0b80d\" data-element_type=\"widget\" data-e-type=\"widget\" data-widget_type=\"houzez_elementor_agent_card.default\">\n\t\t\t\t<div class=\"elementor-widget-container\">\n\t\t\t\t\t            <div class=\"agent-information-module\">\n                <div class=\"property-form-wrap border-none\" role=\"complementary\">\n                    <div class=\"agent-details\" role=\"region\">\n                        <div class=\"d-flex align-items-start gap-3\">\n\n                                    <div class=\"agent-image\">\n            <a href=\"https:\/\/optimaestate.com\/de\/makler\/real-estate-agent-lanzarote-2\/\">\n                <img decoding=\"async\" class=\"rounded\" src=\"https:\/\/i0.wp.com\/optimaestate.com\/wp-content\/uploads\/2025\/11\/Facetune_08-12-2025-00-39-30.webp?fit=5755%2C3829&#038;ssl=1\" width=\"100\" height=\"100\" alt=\"Profile photo of agent Sonia Vargas\">\n            <\/a>\n        <\/div>\n        \n                            <ul class=\"agent-information list-unstyled d-flex flex-column gap-1 m-0\">\n                                <li class=\"agent-name mb-2\">\n                                            <ul class=\"agent-information list-unstyled mb-0\" role=\"list\">\n            <li class=\"agent-name\" role=\"listitem\">\n                <a href=\"https:\/\/optimaestate.com\/de\/makler\/real-estate-agent-lanzarote-2\/\">Sonia Vargas<\/a>\n                            <\/li>\n                            <li class=\"agent-link\" role=\"listitem\">\n                    <a href=\"https:\/\/optimaestate.com\/de\/makler\/real-estate-agent-lanzarote-2\/\">Immobilien ansehen<\/a>\n                <\/li>\n                    <\/ul>\n                                        <\/li>\n                                                                                                <li class=\"agent-phone-wrap d-flex flex-column gap-1\">\n                                    <div class=\"d-flex gap-2 align-items-center\">\n                                                <i class=\"houzez-icon icon-mobile-phone\" aria-hidden=\"true\"><\/i>\n        <span class=\"agent-phone  me-1\">\n            <a href=\"tel:+34620803510\">+34 620 803510<\/a>\n        <\/span>\n                                            <\/div>\n                                <\/li>\n                                                                                                <li class=\"item-buttons-wrap d-flex gap-1 mt-3 mb-2\">\n                                                <button type=\"button\" class=\"agent-information-btn btn btn-primary-outlined p-0 d-flex align-items-center justify-content-center flex-fill gap-1\" data-bs-toggle=\"modal\" data-bs-target=\"#modal-phone-D0J4X\">\n                <span class=\"d-block\" data-bs-toggle=\"tooltip\" title=\"Rufen Sie  an.\">\n                    <i class=\"houzez-icon icon-phone-actions-ring\"><\/i>\n                <\/span>\n            <\/button>\n                        <a href=\"https:\/\/wa.me\/34620803510\" target=\"_blank\" class=\"agent-information-btn btn btn-primary-outlined p-0 d-flex align-items-center justify-content-center flex-fill gap-1\" rel=\"noopener\">\n                <span class=\"d-block\" data-bs-toggle=\"tooltip\" title=\"WhatsApp\">\n                    <i class=\"houzez-icon icon-messaging-whatsapp\"><\/i>\n                <\/span>\n            <\/a>\n                    <div class=\"modal fade modal-phone-number\" id=\"modal-phone-D0J4X\" tabindex=\"-1\" aria-labelledby=\"phoneNumberModalLabel\" aria-hidden=\"true\">\n            <div class=\"modal-dialog\" role=\"document\">\n                <div class=\"modal-content\">\n                    <div class=\"modal-header\">\n                        <h5 class=\"modal-title\" id=\"phoneNumberModalLabel\">Kontaktieren Sie uns<\/h5>\n                        <button type=\"button\" class=\"btn-close\" data-bs-dismiss=\"modal\" aria-label=\"Schlie\u00dfen Sie\"><\/button>\n                    <\/div><!-- modal-header -->\n                    <div class=\"modal-body\">\n\n                        \n                        <p class=\"modal-body-phone-number-number\">\n                            <a class=\"btn btn-primary-outlined\" href=\"tel:+34620803510\"><i class=\"houzez-icon icon-phone-actions-ring\"><\/i> +34 620 803510<\/a>\n                        <\/p>\n                    <\/div><!-- modal-body -->\n                <\/div><!-- modal-content -->\n            <\/div><!-- modal-dialog -->\n        <\/div><!-- login-register-form -->\n                                        <\/li>\n                                                            <\/ul>\n                        <\/div>\n                    <\/div>\n                <\/div>\n            <\/div>\n        \t\t\t\t<\/div>\n\t\t\t\t<\/div>\n\t\t\t\t<div class=\"elementor-element elementor-element-e0db4e5 elementor-widget elementor-widget-spacer\" data-id=\"e0db4e5\" data-element_type=\"widget\" data-e-type=\"widget\" data-widget_type=\"spacer.default\">\n\t\t\t\t\t\t\t<div class=\"elementor-spacer\">\n\t\t\t<div class=\"elementor-spacer-inner\"><\/div>\n\t\t<\/div>\n\t\t\t\t\t\t<\/div>\n\t\t\t\t\t<\/div>\n\t\t\t\t<\/div>\n\t\t<div class=\"elementor-element elementor-element-bc7aa1d e-flex e-con-boxed e-con e-parent\" data-id=\"bc7aa1d\" data-element_type=\"container\" data-e-type=\"container\">\n\t\t\t\t\t<div class=\"e-con-inner\">\n\t\t\t\t<div class=\"elementor-element elementor-element-71cd8f9 elementor-widget-divider--view-line elementor-widget elementor-widget-divider\" data-id=\"71cd8f9\" data-element_type=\"widget\" data-e-type=\"widget\" data-widget_type=\"divider.default\">\n\t\t\t\t\t\t\t<div class=\"elementor-divider\">\n\t\t\t<span class=\"elementor-divider-separator\">\n\t\t\t\t\t\t<\/span>\n\t\t<\/div>\n\t\t\t\t\t\t<\/div>\n\t\t\t\t\t<\/div>\n\t\t\t\t<\/div>\n\t\t\t\t<\/div>","protected":false},"excerpt":{"rendered":"<p>Sonia Vargas Born in Colombia and originally trained in Law, Sonia\u2019s journey took an unexpected but defining turn when she moved to Europe with a short-term modelling contract. That opportunity quickly led to a long-standing position within a London-based fashion company that represented top designers internationally. Over the next 12 years, Sonia specialised in sales, [&hellip;]<\/p>\n","protected":false},"author":273330719,"featured_media":0,"parent":0,"menu_order":0,"comment_status":"closed","ping_status":"closed","template":"elementor_header_footer","meta":{"content-type":"","footnotes":""},"class_list":["post-45494","page","type-page","status-publish","hentry"],"jetpack_likes_enabled":true,"jetpack_sharing_enabled":true,"jetpack_shortlink":"https:\/\/wp.me\/PgU7Xu-bPM","_links":{"self":[{"href":"https:\/\/optimaestate.com\/de\/wp-json\/wp\/v2\/pages\/45494","targetHints":{"allow":["GET"]}}],"collection":[{"href":"https:\/\/optimaestate.com\/de\/wp-json\/wp\/v2\/pages"}],"about":[{"href":"https:\/\/optimaestate.com\/de\/wp-json\/wp\/v2\/types\/page"}],"author":[{"embeddable":true,"href":"https:\/\/optimaestate.com\/de\/wp-json\/wp\/v2\/users\/273330719"}],"replies":[{"embeddable":true,"href":"https:\/\/optimaestate.com\/de\/wp-json\/wp\/v2\/comments?post=45494"}],"version-history":[{"count":100,"href":"https:\/\/optimaestate.com\/de\/wp-json\/wp\/v2\/pages\/45494\/revisions"}],"predecessor-version":[{"id":46664,"href":"https:\/\/optimaestate.com\/de\/wp-json\/wp\/v2\/pages\/45494\/revisions\/46664"}],"wp:attachment":[{"href":"https:\/\/optimaestate.com\/de\/wp-json\/wp\/v2\/media?parent=45494"}],"curies":[{"name":"wp","href":"https:\/\/api.w.org\/{rel}","templated":true}]}}