{"id":45494,"date":"2025-12-11T09:04:33","date_gmt":"2025-12-11T09:04:33","guid":{"rendered":"https:\/\/optimaestate.com\/?page_id=45494"},"modified":"2026-02-06T19:15:06","modified_gmt":"2026-02-06T19:15:06","slug":"about-sonia","status":"publish","type":"page","link":"https:\/\/optimaestate.com\/es\/about-sonia\/","title":{"rendered":"Sobre Sonia"},"content":{"rendered":"<div data-elementor-type=\"wp-page\" data-elementor-id=\"45494\" class=\"elementor elementor-45494\">\n\t\t\t\t<div class=\"elementor-element elementor-element-04aec08 e-con-full e-flex e-con e-parent\" data-id=\"04aec08\" data-element_type=\"container\" data-e-type=\"container\">\n\t\t\t\t<div class=\"elementor-element elementor-element-bf05b1f elementor-widget-divider--view-line elementor-widget elementor-widget-divider\" data-id=\"bf05b1f\" data-element_type=\"widget\" data-e-type=\"widget\" data-widget_type=\"divider.default\">\n\t\t\t\t\t\t\t<div class=\"elementor-divider\">\n\t\t\t<span class=\"elementor-divider-separator\">\n\t\t\t\t\t\t<\/span>\n\t\t<\/div>\n\t\t\t\t\t\t<\/div>\n\t\t\t\t<div class=\"elementor-element elementor-element-32a034c elementor-position-left elementor-vertical-align-middle elementor-widget elementor-widget-image-box\" data-id=\"32a034c\" data-element_type=\"widget\" data-e-type=\"widget\" data-widget_type=\"image-box.default\">\n\t\t\t\t\t<div class=\"elementor-image-box-wrapper\"><figure class=\"elementor-image-box-img\"><img fetchpriority=\"high\" decoding=\"async\" data-attachment-id=\"45936\" data-permalink=\"https:\/\/optimaestate.com\/es\/about-sonia\/facetune_07-12-2025-21-58-06\/\" data-orig-file=\"https:\/\/i0.wp.com\/optimaestate.com\/wp-content\/uploads\/2025\/12\/Facetune_07-12-2025-21-58-06.webp?fit=4024%2C6048&amp;ssl=1\" data-orig-size=\"4024,6048\" data-comments-opened=\"1\" data-image-meta=\"{&quot;aperture&quot;:&quot;0&quot;,&quot;credit&quot;:&quot;&quot;,&quot;camera&quot;:&quot;&quot;,&quot;caption&quot;:&quot;&quot;,&quot;created_timestamp&quot;:&quot;0&quot;,&quot;copyright&quot;:&quot;&quot;,&quot;focal_length&quot;:&quot;0&quot;,&quot;iso&quot;:&quot;0&quot;,&quot;shutter_speed&quot;:&quot;0&quot;,&quot;title&quot;:&quot;&quot;,&quot;orientation&quot;:&quot;0&quot;}\" data-image-title=\"Facetune_07-12-2025-21-58-06\" data-image-description=\"\" data-image-caption=\"\" data-large-file=\"https:\/\/i0.wp.com\/optimaestate.com\/wp-content\/uploads\/2025\/12\/Facetune_07-12-2025-21-58-06.webp?fit=681%2C1024&amp;ssl=1\" width=\"4024\" height=\"6048\" src=\"https:\/\/i0.wp.com\/optimaestate.com\/wp-content\/uploads\/2025\/12\/Facetune_07-12-2025-21-58-06.webp?fit=4024%2C6048&amp;ssl=1\" class=\"attachment-full size-full wp-image-45936\" alt=\"\" srcset=\"https:\/\/i0.wp.com\/optimaestate.com\/wp-content\/uploads\/2025\/12\/Facetune_07-12-2025-21-58-06.webp?w=4024&amp;ssl=1 4024w, https:\/\/i0.wp.com\/optimaestate.com\/wp-content\/uploads\/2025\/12\/Facetune_07-12-2025-21-58-06.webp?resize=1022%2C1536&amp;ssl=1 1022w, https:\/\/i0.wp.com\/optimaestate.com\/wp-content\/uploads\/2025\/12\/Facetune_07-12-2025-21-58-06.webp?resize=1363%2C2048&amp;ssl=1 1363w, https:\/\/i0.wp.com\/optimaestate.com\/wp-content\/uploads\/2025\/12\/Facetune_07-12-2025-21-58-06.webp?resize=8%2C12&amp;ssl=1 8w, https:\/\/i0.wp.com\/optimaestate.com\/wp-content\/uploads\/2025\/12\/Facetune_07-12-2025-21-58-06.webp?w=2340&amp;ssl=1 2340w, https:\/\/i0.wp.com\/optimaestate.com\/wp-content\/uploads\/2025\/12\/Facetune_07-12-2025-21-58-06.webp?w=3510&amp;ssl=1 3510w\" sizes=\"(max-width: 1170px) 100vw, 1170px\" \/><\/figure><div class=\"elementor-image-box-content\"><h3 class=\"elementor-image-box-title\">Sonia Vargas<\/h3><p class=\"elementor-image-box-description\"><p>\nNacida en Colombia y formada originalmente en Derecho, la trayectoria de Sonia dio un giro inesperado pero decisivo cuando se traslad\u00f3 a Europa con un contrato de modelaje de corta duraci\u00f3n. Aquella oportunidad la llev\u00f3 r\u00e1pidamente a ocupar un puesto de larga trayectoria en una empresa de moda con sede en Londres que representaba a dise\u00f1adores de primer nivel a escala internacional.\n<\/p>\n\n<p>\nDurante los doce a\u00f1os siguientes, Sonia se especializ\u00f3 en ventas, presentando colecciones en las principales semanas de la moda de Par\u00eds, Mil\u00e1n, Nueva York y Londres. Su \u00e9xito se debi\u00f3 a mucho m\u00e1s que a un profundo conocimiento del producto: ten\u00eda un don natural para escuchar atentamente las necesidades de las personas y comprender qu\u00e9 era lo que mejor se adaptaba a cada una. Esa capacidad se convertir\u00eda m\u00e1s adelante en la base de su carrera en el sector inmobiliario.\n<\/p>\n\n<p>\nSonia visit\u00f3 Lanzarote por primera vez en 1986 y regres\u00f3 en numerosas ocasiones, atra\u00edda por la pureza de sus colores \u2014el negro, el azul y el blanco en todas sus tonalidades\u2014, por la imponente belleza de su paisaje volc\u00e1nico y por el estilo de vida sereno y de alta calidad que ofrece la isla.\n<\/p>\n\n<p>\nDespu\u00e9s de pasar varios a\u00f1os viviendo entre Londres, Bali y Australia, se estableci\u00f3 de forma permanente en la isla en 2001. Al no existir una industria de la moda en Lanzarote, record\u00f3 las palabras de su jefe japon\u00e9s en Londres:\n<\/p>\n\n<blockquote>\n\u201eSi alguna vez dejas el mundo de la moda, deber\u00edas dedicarte al sector inmobiliario.\u201c\n<\/blockquote>\n\n<p>\nComenz\u00f3 a trabajar con el promotor y el arquitecto responsables de las urbanizaciones situadas en los alrededores de Marina Rubic\u00f3n y en la zona superior del Hotel Meli\u00e1 Volc\u00e1n, desempe\u00f1ando un papel clave en su \u00e9xito. Durante la fase de desarrollo de lo que hoy son zonas ic\u00f3nicas, vendi\u00f3 de forma individual la mayor\u00eda de las unidades directamente desde un contenedor de obra.\n<\/p>\n\n<p>\nEn 2003, Sonia fund\u00f3 Optima Estate con la firme determinaci\u00f3n de aportar sus propios valores a un sector a menudo criticado por su falta de \u00e9tica. Sus principios rectores son claros:\n<\/p>\n\n<ul>\n  <li>Profesionalidad<\/li>\n  <li>Integridad<\/li>\n  <li>\u2026y no dejar nunca de dar lo mejor de s\u00ed por quienes depositan su confianza en ella.<\/li>\n<\/ul>\n<\/p><\/div><\/div>\t\t\t\t<\/div>\n\t\t\t\t<div class=\"elementor-element elementor-element-3022b6c elementor-widget-divider--view-line elementor-widget elementor-widget-divider\" data-id=\"3022b6c\" data-element_type=\"widget\" data-e-type=\"widget\" data-widget_type=\"divider.default\">\n\t\t\t\t\t\t\t<div class=\"elementor-divider\">\n\t\t\t<span class=\"elementor-divider-separator\">\n\t\t\t\t\t\t<\/span>\n\t\t<\/div>\n\t\t\t\t\t\t<\/div>\n\t\t\t\t<div class=\"elementor-element elementor-element-915d70e elementor-widget elementor-widget-houzez_site_logo\" data-id=\"915d70e\" data-element_type=\"widget\" data-e-type=\"widget\" data-widget_type=\"houzez_site_logo.default\">\n\t\t\t\t<div class=\"elementor-widget-container\">\n\t\t\t\t\t\t\t<div class=\"favethemes-site-logo\">\n\t\t\t\t\t\t\t<a href=\"https:\/\/optimaestate.com\">\n\t\t\t\t\t\t<img decoding=\"async\" class=\"image-logo elementor-animation-\"  src=\"https:\/\/i0.wp.com\/optimaestate.com\/wp-content\/uploads\/2025\/12\/ChatGPT-Image-11.-Dez.-2025-09_57_37.webp?fit=1024%2C1024&#038;ssl=1\" alt=\"ChatGPT Imagen 11. Dez. 2025, 09_57_37\"\/>\t\t\t\t\t\t\t<\/a>\n\t\t\t\t\t<\/div>\n\t\t\t\t\t\t<\/div>\n\t\t\t\t<\/div>\n\t\t\t\t<\/div>\n\t\t<div class=\"elementor-element elementor-element-2fc08ed e-flex e-con-boxed e-con e-parent\" data-id=\"2fc08ed\" data-element_type=\"container\" data-e-type=\"container\">\n\t\t\t\t\t<div class=\"e-con-inner\">\n\t\t\t\t<div class=\"elementor-element elementor-element-6e0b80d elementor-widget elementor-widget-houzez_elementor_agent_card\" data-id=\"6e0b80d\" data-element_type=\"widget\" data-e-type=\"widget\" data-widget_type=\"houzez_elementor_agent_card.default\">\n\t\t\t\t<div class=\"elementor-widget-container\">\n\t\t\t\t\t            <div class=\"agent-information-module\">\n                <div class=\"property-form-wrap border-none\" role=\"complementary\">\n                    <div class=\"agent-details\" role=\"region\">\n                        <div class=\"d-flex align-items-start gap-3\">\n\n                                    <div class=\"agent-image\">\n            <a href=\"https:\/\/optimaestate.com\/es\/agente\/real-estate-agent-lanzarote-2\/\">\n                <img decoding=\"async\" class=\"rounded\" src=\"https:\/\/i0.wp.com\/optimaestate.com\/wp-content\/uploads\/2025\/11\/Facetune_08-12-2025-00-39-30.webp?fit=5755%2C3829&#038;ssl=1\" width=\"100\" height=\"100\" alt=\"Profile photo of agent Sonia Vargas\">\n            <\/a>\n        <\/div>\n        \n                            <ul class=\"agent-information list-unstyled d-flex flex-column gap-1 m-0\">\n                                <li class=\"agent-name mb-2\">\n                                            <ul class=\"agent-information list-unstyled mb-0\" role=\"list\">\n            <li class=\"agent-name\" role=\"listitem\">\n                <a href=\"https:\/\/optimaestate.com\/es\/agente\/real-estate-agent-lanzarote-2\/\">Sonia Vargas<\/a>\n                            <\/li>\n                            <li class=\"agent-link\" role=\"listitem\">\n                    <a href=\"https:\/\/optimaestate.com\/es\/agente\/real-estate-agent-lanzarote-2\/\">Ver mis propiedades<\/a>\n                <\/li>\n                    <\/ul>\n                                        <\/li>\n                                                                                                <li class=\"agent-phone-wrap d-flex flex-column gap-1\">\n                                    <div class=\"d-flex gap-2 align-items-center\">\n                                                <i class=\"houzez-icon icon-mobile-phone\" aria-hidden=\"true\"><\/i>\n        <span class=\"agent-phone  me-1\">\n            <a href=\"tel:+34620803510\">+34 620 803510<\/a>\n        <\/span>\n                                            <\/div>\n                                <\/li>\n                                                                                                <li class=\"item-buttons-wrap d-flex gap-1 mt-3 mb-2\">\n                                                <button type=\"button\" class=\"agent-information-btn btn btn-primary-outlined p-0 d-flex align-items-center justify-content-center flex-fill gap-1\" data-bs-toggle=\"modal\" data-bs-target=\"#modal-phone-u7sG1\">\n                <span class=\"d-block\" data-bs-toggle=\"tooltip\" title=\"Llamar\">\n                    <i class=\"houzez-icon icon-phone-actions-ring\"><\/i>\n                <\/span>\n            <\/button>\n                        <a href=\"https:\/\/wa.me\/34620803510\" target=\"_blank\" class=\"agent-information-btn btn btn-primary-outlined p-0 d-flex align-items-center justify-content-center flex-fill gap-1\" rel=\"noopener\">\n                <span class=\"d-block\" data-bs-toggle=\"tooltip\" title=\"WhatsApp\">\n                    <i class=\"houzez-icon icon-messaging-whatsapp\"><\/i>\n                <\/span>\n            <\/a>\n                    <div class=\"modal fade modal-phone-number\" id=\"modal-phone-u7sG1\" tabindex=\"-1\" aria-labelledby=\"phoneNumberModalLabel\" aria-hidden=\"true\">\n            <div class=\"modal-dialog\" role=\"document\">\n                <div class=\"modal-content\">\n                    <div class=\"modal-header\">\n                        <h5 class=\"modal-title\" id=\"phoneNumberModalLabel\">Cont\u00e1ctanos<\/h5>\n                        <button type=\"button\" class=\"btn-close\" data-bs-dismiss=\"modal\" aria-label=\"Cerrar\"><\/button>\n                    <\/div><!-- modal-header -->\n                    <div class=\"modal-body\">\n\n                        \n                        <p class=\"modal-body-phone-number-number\">\n                            <a class=\"btn btn-primary-outlined\" href=\"tel:+34620803510\"><i class=\"houzez-icon icon-phone-actions-ring\"><\/i> +34 620 803510<\/a>\n                        <\/p>\n                    <\/div><!-- modal-body -->\n                <\/div><!-- modal-content -->\n            <\/div><!-- modal-dialog -->\n        <\/div><!-- login-register-form -->\n                                        <\/li>\n                                                            <\/ul>\n                        <\/div>\n                    <\/div>\n                <\/div>\n            <\/div>\n        \t\t\t\t<\/div>\n\t\t\t\t<\/div>\n\t\t\t\t<div class=\"elementor-element elementor-element-e0db4e5 elementor-widget elementor-widget-spacer\" data-id=\"e0db4e5\" data-element_type=\"widget\" data-e-type=\"widget\" data-widget_type=\"spacer.default\">\n\t\t\t\t\t\t\t<div class=\"elementor-spacer\">\n\t\t\t<div class=\"elementor-spacer-inner\"><\/div>\n\t\t<\/div>\n\t\t\t\t\t\t<\/div>\n\t\t\t\t\t<\/div>\n\t\t\t\t<\/div>\n\t\t<div class=\"elementor-element elementor-element-bc7aa1d e-flex e-con-boxed e-con e-parent\" data-id=\"bc7aa1d\" data-element_type=\"container\" data-e-type=\"container\">\n\t\t\t\t\t<div class=\"e-con-inner\">\n\t\t\t\t<div class=\"elementor-element elementor-element-71cd8f9 elementor-widget-divider--view-line elementor-widget elementor-widget-divider\" data-id=\"71cd8f9\" data-element_type=\"widget\" data-e-type=\"widget\" data-widget_type=\"divider.default\">\n\t\t\t\t\t\t\t<div class=\"elementor-divider\">\n\t\t\t<span class=\"elementor-divider-separator\">\n\t\t\t\t\t\t<\/span>\n\t\t<\/div>\n\t\t\t\t\t\t<\/div>\n\t\t\t\t\t<\/div>\n\t\t\t\t<\/div>\n\t\t\t\t<\/div>","protected":false},"excerpt":{"rendered":"<p>Sonia Vargas Born in Colombia and originally trained in Law, Sonia\u2019s journey took an unexpected but defining turn when she moved to Europe with a short-term modelling contract. That opportunity quickly led to a long-standing position within a London-based fashion company that represented top designers internationally. Over the next 12 years, Sonia specialised in sales, [&hellip;]<\/p>\n","protected":false},"author":273330719,"featured_media":0,"parent":0,"menu_order":0,"comment_status":"closed","ping_status":"closed","template":"elementor_header_footer","meta":{"content-type":"","footnotes":""},"class_list":["post-45494","page","type-page","status-publish","hentry"],"jetpack_likes_enabled":true,"jetpack_sharing_enabled":true,"jetpack_shortlink":"https:\/\/wp.me\/PgU7Xu-bPM","_links":{"self":[{"href":"https:\/\/optimaestate.com\/es\/wp-json\/wp\/v2\/pages\/45494","targetHints":{"allow":["GET"]}}],"collection":[{"href":"https:\/\/optimaestate.com\/es\/wp-json\/wp\/v2\/pages"}],"about":[{"href":"https:\/\/optimaestate.com\/es\/wp-json\/wp\/v2\/types\/page"}],"author":[{"embeddable":true,"href":"https:\/\/optimaestate.com\/es\/wp-json\/wp\/v2\/users\/273330719"}],"replies":[{"embeddable":true,"href":"https:\/\/optimaestate.com\/es\/wp-json\/wp\/v2\/comments?post=45494"}],"version-history":[{"count":100,"href":"https:\/\/optimaestate.com\/es\/wp-json\/wp\/v2\/pages\/45494\/revisions"}],"predecessor-version":[{"id":46664,"href":"https:\/\/optimaestate.com\/es\/wp-json\/wp\/v2\/pages\/45494\/revisions\/46664"}],"wp:attachment":[{"href":"https:\/\/optimaestate.com\/es\/wp-json\/wp\/v2\/media?parent=45494"}],"curies":[{"name":"wp","href":"https:\/\/api.w.org\/{rel}","templated":true}]}}